{"id":36613,"date":"2025-08-01T17:52:19","date_gmt":"2025-08-01T17:52:19","guid":{"rendered":"https:\/\/gobac.caproduct\/moving-dolly\/"},"modified":"2025-08-01T17:52:19","modified_gmt":"2025-08-01T17:52:19","slug":"moving-dolly","status":"publish","type":"product","link":"https:\/\/gobac.ca\/en\/product\/moving-dolly\/","title":{"rendered":"Moving Dolly"},"content":{"rendered":"<p>To accommodate and facilitate the movement of our bins, office furniture, and filing cabinets.<\/p>\n<p>Dimensions: 18X30<\/p>\n<p>Capacity of 1200 lbs<\/p>\n\n    <div class=\"xs_social_share_widget xs_share_url after_content \t\tmain_content  wslu-style-1 wslu-share-box-shaped wslu-fill-colored wslu-none wslu-share-horizontal wslu-theme-font-no wslu-main_content\">\n\n\t\t\n        <ul>\n\t\t\t        <\/ul>\n    <\/div> \n","protected":false},"excerpt":{"rendered":"<p>To accommodate and facilitate the movement of our bins, office furniture, and filing cabinets. Dimensions: 18X30 Capacity of 1200 lbs<\/p>\n","protected":false},"featured_media":0,"comment_status":"open","ping_status":"closed","template":"","meta":{"_acf_changed":false,"postBodyCss":"","postBodyMargin":[],"postBodyPadding":[],"postBodyBackground":{"backgroundType":"classic","gradient":""}},"product_brand":[],"product_cat":[25],"product_tag":[23],"class_list":{"0":"post-36613","1":"product","2":"type-product","3":"status-publish","5":"product_cat-non-classe","6":"product_tag-demenagement","8":"first","9":"instock","10":"taxable","11":"shipping-taxable","12":"purchasable","13":"product-type-simple"},"acf":[],"yoast_head":"<!-- This site is optimized with the Yoast SEO plugin v27.0 - https:\/\/yoast.com\/product\/yoast-seo-wordpress\/ -->\n<title>Moving Dolly - GoBAC - Bo\u00eetes de D\u00e9m\u00e9nagement<\/title>\n<meta name=\"robots\" content=\"index, follow, max-snippet:-1, max-image-preview:large, max-video-preview:-1\" \/>\n<link rel=\"canonical\" href=\"https:\/\/gobac.caen\/product\/moving-dolly\/\" \/>\n<meta property=\"og:locale\" content=\"en_US\" \/>\n<meta property=\"og:type\" content=\"article\" \/>\n<meta property=\"og:title\" content=\"Moving Dolly - GoBAC - Bo\u00eetes de D\u00e9m\u00e9nagement\" \/>\n<meta property=\"og:description\" content=\"To accommodate and facilitate the movement of our bins, office furniture, and filing cabinets. Dimensions: 18X30 Capacity of 1200 lbs\" \/>\n<meta property=\"og:url\" content=\"https:\/\/gobac.caen\/product\/moving-dolly\/\" \/>\n<meta property=\"og:site_name\" content=\"GoBAC - Bo\u00eetes de D\u00e9m\u00e9nagement\" \/>\n<meta name=\"twitter:card\" content=\"summary_large_image\" \/>\n<script type=\"application\/ld+json\" class=\"yoast-schema-graph\">{\"@context\":\"https:\/\/schema.org\",\"@graph\":[{\"@type\":\"WebPage\",\"@id\":\"https:\/\/gobac.caen\/product\/moving-dolly\/\",\"url\":\"https:\/\/gobac.caen\/product\/moving-dolly\/\",\"name\":\"Moving Dolly - GoBAC - Bo\u00eetes de D\u00e9m\u00e9nagement\",\"isPartOf\":{\"@id\":\"https:\/\/gobac.ca\/#website\"},\"datePublished\":\"2025-08-01T17:52:19+00:00\",\"breadcrumb\":{\"@id\":\"https:\/\/gobac.caen\/product\/moving-dolly\/#breadcrumb\"},\"inLanguage\":\"en-US\",\"potentialAction\":[{\"@type\":\"ReadAction\",\"target\":[\"https:\/\/gobac.caen\/product\/moving-dolly\/\"]}]},{\"@type\":\"BreadcrumbList\",\"@id\":\"https:\/\/gobac.caen\/product\/moving-dolly\/#breadcrumb\",\"itemListElement\":[{\"@type\":\"ListItem\",\"position\":1,\"name\":\"Accueil\",\"item\":\"https:\/\/gobac.ca\/en\/\"},{\"@type\":\"ListItem\",\"position\":2,\"name\":\"Shop\",\"item\":\"https:\/\/gobac.cashop\/\"},{\"@type\":\"ListItem\",\"position\":3,\"name\":\"Moving Dolly\"}]},{\"@type\":\"WebSite\",\"@id\":\"https:\/\/gobac.ca\/#website\",\"url\":\"https:\/\/gobac.ca\/\",\"name\":\"GoBAC - Bo\u00eetes de D\u00e9m\u00e9nagement\",\"description\":\"Bo\u00eetes de D\u00e9m\u00e9nagement GoBac R\u00e9utilisables\",\"publisher\":{\"@id\":\"https:\/\/gobac.ca\/#organization\"},\"potentialAction\":[{\"@type\":\"SearchAction\",\"target\":{\"@type\":\"EntryPoint\",\"urlTemplate\":\"https:\/\/gobac.ca\/?s={search_term_string}\"},\"query-input\":{\"@type\":\"PropertyValueSpecification\",\"valueRequired\":true,\"valueName\":\"search_term_string\"}}],\"inLanguage\":\"en-US\"},{\"@type\":\"Organization\",\"@id\":\"https:\/\/gobac.ca\/#organization\",\"name\":\"GoBAC - Bo\u00eetes de D\u00e9m\u00e9nagement\",\"url\":\"https:\/\/gobac.ca\/\",\"logo\":{\"@type\":\"ImageObject\",\"inLanguage\":\"en-US\",\"@id\":\"https:\/\/gobac.ca\/#\/schema\/logo\/image\/\",\"url\":\"https:\/\/gobac.ca\/wp-content\/uploads\/2025\/07\/logo-vector.png\",\"contentUrl\":\"https:\/\/gobac.ca\/wp-content\/uploads\/2025\/07\/logo-vector.png\",\"width\":222,\"height\":65,\"caption\":\"GoBAC - Bo\u00eetes de D\u00e9m\u00e9nagement\"},\"image\":{\"@id\":\"https:\/\/gobac.ca\/#\/schema\/logo\/image\/\"}}]}<\/script>\n<!-- \/ Yoast SEO plugin. -->","yoast_head_json":{"title":"Moving Dolly - GoBAC - Bo\u00eetes de D\u00e9m\u00e9nagement","robots":{"index":"index","follow":"follow","max-snippet":"max-snippet:-1","max-image-preview":"max-image-preview:large","max-video-preview":"max-video-preview:-1"},"canonical":"https:\/\/gobac.caen\/product\/moving-dolly\/","og_locale":"en_US","og_type":"article","og_title":"Moving Dolly - GoBAC - Bo\u00eetes de D\u00e9m\u00e9nagement","og_description":"To accommodate and facilitate the movement of our bins, office furniture, and filing cabinets. Dimensions: 18X30 Capacity of 1200 lbs","og_url":"https:\/\/gobac.caen\/product\/moving-dolly\/","og_site_name":"GoBAC - Bo\u00eetes de D\u00e9m\u00e9nagement","twitter_card":"summary_large_image","schema":{"@context":"https:\/\/schema.org","@graph":[{"@type":"WebPage","@id":"https:\/\/gobac.caen\/product\/moving-dolly\/","url":"https:\/\/gobac.caen\/product\/moving-dolly\/","name":"Moving Dolly - GoBAC - Bo\u00eetes de D\u00e9m\u00e9nagement","isPartOf":{"@id":"https:\/\/gobac.ca\/#website"},"datePublished":"2025-08-01T17:52:19+00:00","breadcrumb":{"@id":"https:\/\/gobac.caen\/product\/moving-dolly\/#breadcrumb"},"inLanguage":"en-US","potentialAction":[{"@type":"ReadAction","target":["https:\/\/gobac.caen\/product\/moving-dolly\/"]}]},{"@type":"BreadcrumbList","@id":"https:\/\/gobac.caen\/product\/moving-dolly\/#breadcrumb","itemListElement":[{"@type":"ListItem","position":1,"name":"Accueil","item":"https:\/\/gobac.ca\/en\/"},{"@type":"ListItem","position":2,"name":"Shop","item":"https:\/\/gobac.cashop\/"},{"@type":"ListItem","position":3,"name":"Moving Dolly"}]},{"@type":"WebSite","@id":"https:\/\/gobac.ca\/#website","url":"https:\/\/gobac.ca\/","name":"GoBAC - Bo\u00eetes de D\u00e9m\u00e9nagement","description":"Bo\u00eetes de D\u00e9m\u00e9nagement GoBac R\u00e9utilisables","publisher":{"@id":"https:\/\/gobac.ca\/#organization"},"potentialAction":[{"@type":"SearchAction","target":{"@type":"EntryPoint","urlTemplate":"https:\/\/gobac.ca\/?s={search_term_string}"},"query-input":{"@type":"PropertyValueSpecification","valueRequired":true,"valueName":"search_term_string"}}],"inLanguage":"en-US"},{"@type":"Organization","@id":"https:\/\/gobac.ca\/#organization","name":"GoBAC - Bo\u00eetes de D\u00e9m\u00e9nagement","url":"https:\/\/gobac.ca\/","logo":{"@type":"ImageObject","inLanguage":"en-US","@id":"https:\/\/gobac.ca\/#\/schema\/logo\/image\/","url":"https:\/\/gobac.ca\/wp-content\/uploads\/2025\/07\/logo-vector.png","contentUrl":"https:\/\/gobac.ca\/wp-content\/uploads\/2025\/07\/logo-vector.png","width":222,"height":65,"caption":"GoBAC - Bo\u00eetes de D\u00e9m\u00e9nagement"},"image":{"@id":"https:\/\/gobac.ca\/#\/schema\/logo\/image\/"}}]}},"jetpack_sharing_enabled":true,"_links":{"self":[{"href":"https:\/\/gobac.ca\/en\/wp-json\/wp\/v2\/product\/36613","targetHints":{"allow":["GET"]}}],"collection":[{"href":"https:\/\/gobac.ca\/en\/wp-json\/wp\/v2\/product"}],"about":[{"href":"https:\/\/gobac.ca\/en\/wp-json\/wp\/v2\/types\/product"}],"replies":[{"embeddable":true,"href":"https:\/\/gobac.ca\/en\/wp-json\/wp\/v2\/comments?post=36613"}],"wp:attachment":[{"href":"https:\/\/gobac.ca\/en\/wp-json\/wp\/v2\/media?parent=36613"}],"wp:term":[{"taxonomy":"product_brand","embeddable":true,"href":"https:\/\/gobac.ca\/en\/wp-json\/wp\/v2\/product_brand?post=36613"},{"taxonomy":"product_cat","embeddable":true,"href":"https:\/\/gobac.ca\/en\/wp-json\/wp\/v2\/product_cat?post=36613"},{"taxonomy":"product_tag","embeddable":true,"href":"https:\/\/gobac.ca\/en\/wp-json\/wp\/v2\/product_tag?post=36613"}],"curies":[{"name":"wp","href":"https:\/\/api.w.org\/{rel}","templated":true}]}}