{"id":36601,"date":"2024-09-30T20:40:08","date_gmt":"2024-09-30T20:40:08","guid":{"rendered":"https:\/\/gobac.caproduct\/gobac-labels\/"},"modified":"2025-08-15T16:28:54","modified_gmt":"2025-08-15T16:28:54","slug":"gobac-labels","status":"publish","type":"product","link":"https:\/\/gobac.ca\/en\/product\/gobac-labels\/","title":{"rendered":"GoBAC Labels"},"content":{"rendered":"<p>Perfect for identifying bins and easy to remove, Size: 4\u201c x 3\u201d<\/p>\n\n    <div class=\"xs_social_share_widget xs_share_url after_content \t\tmain_content  wslu-style-1 wslu-share-box-shaped wslu-fill-colored wslu-none wslu-share-horizontal wslu-theme-font-no wslu-main_content\">\n\n\t\t\n        <ul>\n\t\t\t        <\/ul>\n    <\/div> \n","protected":false},"excerpt":{"rendered":"<h4 class=\"et_pb_module_header\">GoBAC Labels<\/h4>\n","protected":false},"featured_media":931,"comment_status":"open","ping_status":"closed","template":"","meta":{"_acf_changed":false,"postBodyCss":"","postBodyMargin":[],"postBodyPadding":[],"postBodyBackground":{"backgroundType":"classic","gradient":""}},"product_brand":[],"product_cat":[61],"product_tag":[64],"class_list":{"0":"post-36601","1":"product","2":"type-product","3":"status-publish","4":"has-post-thumbnail","6":"product_cat-moving","7":"product_tag-moving","9":"first","10":"instock","11":"taxable","12":"shipping-taxable","13":"purchasable","14":"product-type-variable"},"acf":[],"yoast_head":"<!-- This site is optimized with the Yoast SEO plugin v27.0 - https:\/\/yoast.com\/product\/yoast-seo-wordpress\/ -->\n<title>GoBAC Labels - GoBAC - Bo\u00eetes de D\u00e9m\u00e9nagement<\/title>\n<meta name=\"robots\" content=\"index, follow, max-snippet:-1, max-image-preview:large, max-video-preview:-1\" \/>\n<link rel=\"canonical\" href=\"https:\/\/gobac.caen\/product\/gobac-labels\/\" \/>\n<meta property=\"og:locale\" content=\"en_US\" \/>\n<meta property=\"og:type\" content=\"article\" \/>\n<meta property=\"og:title\" content=\"GoBAC Labels - GoBAC - Bo\u00eetes de D\u00e9m\u00e9nagement\" \/>\n<meta property=\"og:description\" content=\"GoBAC Labels\" \/>\n<meta property=\"og:url\" content=\"https:\/\/gobac.caen\/product\/gobac-labels\/\" \/>\n<meta property=\"og:site_name\" content=\"GoBAC - Bo\u00eetes de D\u00e9m\u00e9nagement\" \/>\n<meta property=\"article:modified_time\" content=\"2025-08-15T16:28:54+00:00\" \/>\n<meta property=\"og:image\" content=\"https:\/\/gobac.ca\/wp-content\/uploads\/2024\/09\/gobac_lable_moving-montreal-1.png\" \/>\n\t<meta property=\"og:image:width\" content=\"360\" \/>\n\t<meta property=\"og:image:height\" content=\"350\" \/>\n\t<meta property=\"og:image:type\" content=\"image\/png\" \/>\n<meta name=\"twitter:card\" content=\"summary_large_image\" \/>\n<script type=\"application\/ld+json\" class=\"yoast-schema-graph\">{\"@context\":\"https:\/\/schema.org\",\"@graph\":[{\"@type\":\"WebPage\",\"@id\":\"https:\/\/gobac.caen\/product\/gobac-labels\/\",\"url\":\"https:\/\/gobac.caen\/product\/gobac-labels\/\",\"name\":\"GoBAC Labels - GoBAC - Bo\u00eetes de D\u00e9m\u00e9nagement\",\"isPartOf\":{\"@id\":\"https:\/\/gobac.ca\/#website\"},\"primaryImageOfPage\":{\"@id\":\"https:\/\/gobac.caen\/product\/gobac-labels\/#primaryimage\"},\"image\":{\"@id\":\"https:\/\/gobac.caen\/product\/gobac-labels\/#primaryimage\"},\"thumbnailUrl\":\"https:\/\/gobac.ca\/wp-content\/uploads\/2024\/09\/gobac_lable_moving-montreal-1.png\",\"datePublished\":\"2024-09-30T20:40:08+00:00\",\"dateModified\":\"2025-08-15T16:28:54+00:00\",\"breadcrumb\":{\"@id\":\"https:\/\/gobac.caen\/product\/gobac-labels\/#breadcrumb\"},\"inLanguage\":\"en-US\",\"potentialAction\":[{\"@type\":\"ReadAction\",\"target\":[\"https:\/\/gobac.caen\/product\/gobac-labels\/\"]}]},{\"@type\":\"ImageObject\",\"inLanguage\":\"en-US\",\"@id\":\"https:\/\/gobac.caen\/product\/gobac-labels\/#primaryimage\",\"url\":\"https:\/\/gobac.ca\/wp-content\/uploads\/2024\/09\/gobac_lable_moving-montreal-1.png\",\"contentUrl\":\"https:\/\/gobac.ca\/wp-content\/uploads\/2024\/09\/gobac_lable_moving-montreal-1.png\",\"width\":360,\"height\":350,\"caption\":\"Organization of boxes and containers\"},{\"@type\":\"BreadcrumbList\",\"@id\":\"https:\/\/gobac.caen\/product\/gobac-labels\/#breadcrumb\",\"itemListElement\":[{\"@type\":\"ListItem\",\"position\":1,\"name\":\"Accueil\",\"item\":\"https:\/\/gobac.ca\/en\/\"},{\"@type\":\"ListItem\",\"position\":2,\"name\":\"Shop\",\"item\":\"https:\/\/gobac.cashop\/\"},{\"@type\":\"ListItem\",\"position\":3,\"name\":\"GoBAC Labels\"}]},{\"@type\":\"WebSite\",\"@id\":\"https:\/\/gobac.ca\/#website\",\"url\":\"https:\/\/gobac.ca\/\",\"name\":\"GoBAC - Bo\u00eetes de D\u00e9m\u00e9nagement\",\"description\":\"Bo\u00eetes de D\u00e9m\u00e9nagement GoBac R\u00e9utilisables\",\"publisher\":{\"@id\":\"https:\/\/gobac.ca\/#organization\"},\"potentialAction\":[{\"@type\":\"SearchAction\",\"target\":{\"@type\":\"EntryPoint\",\"urlTemplate\":\"https:\/\/gobac.ca\/?s={search_term_string}\"},\"query-input\":{\"@type\":\"PropertyValueSpecification\",\"valueRequired\":true,\"valueName\":\"search_term_string\"}}],\"inLanguage\":\"en-US\"},{\"@type\":\"Organization\",\"@id\":\"https:\/\/gobac.ca\/#organization\",\"name\":\"GoBAC - Bo\u00eetes de D\u00e9m\u00e9nagement\",\"url\":\"https:\/\/gobac.ca\/\",\"logo\":{\"@type\":\"ImageObject\",\"inLanguage\":\"en-US\",\"@id\":\"https:\/\/gobac.ca\/#\/schema\/logo\/image\/\",\"url\":\"https:\/\/gobac.ca\/wp-content\/uploads\/2025\/07\/logo-vector.png\",\"contentUrl\":\"https:\/\/gobac.ca\/wp-content\/uploads\/2025\/07\/logo-vector.png\",\"width\":222,\"height\":65,\"caption\":\"GoBAC - Bo\u00eetes de D\u00e9m\u00e9nagement\"},\"image\":{\"@id\":\"https:\/\/gobac.ca\/#\/schema\/logo\/image\/\"}}]}<\/script>\n<!-- \/ Yoast SEO plugin. -->","yoast_head_json":{"title":"GoBAC Labels - GoBAC - Bo\u00eetes de D\u00e9m\u00e9nagement","robots":{"index":"index","follow":"follow","max-snippet":"max-snippet:-1","max-image-preview":"max-image-preview:large","max-video-preview":"max-video-preview:-1"},"canonical":"https:\/\/gobac.caen\/product\/gobac-labels\/","og_locale":"en_US","og_type":"article","og_title":"GoBAC Labels - GoBAC - Bo\u00eetes de D\u00e9m\u00e9nagement","og_description":"GoBAC Labels","og_url":"https:\/\/gobac.caen\/product\/gobac-labels\/","og_site_name":"GoBAC - Bo\u00eetes de D\u00e9m\u00e9nagement","article_modified_time":"2025-08-15T16:28:54+00:00","og_image":[{"width":360,"height":350,"url":"https:\/\/gobac.ca\/wp-content\/uploads\/2024\/09\/gobac_lable_moving-montreal-1.png","type":"image\/png"}],"twitter_card":"summary_large_image","schema":{"@context":"https:\/\/schema.org","@graph":[{"@type":"WebPage","@id":"https:\/\/gobac.caen\/product\/gobac-labels\/","url":"https:\/\/gobac.caen\/product\/gobac-labels\/","name":"GoBAC Labels - GoBAC - Bo\u00eetes de D\u00e9m\u00e9nagement","isPartOf":{"@id":"https:\/\/gobac.ca\/#website"},"primaryImageOfPage":{"@id":"https:\/\/gobac.caen\/product\/gobac-labels\/#primaryimage"},"image":{"@id":"https:\/\/gobac.caen\/product\/gobac-labels\/#primaryimage"},"thumbnailUrl":"https:\/\/gobac.ca\/wp-content\/uploads\/2024\/09\/gobac_lable_moving-montreal-1.png","datePublished":"2024-09-30T20:40:08+00:00","dateModified":"2025-08-15T16:28:54+00:00","breadcrumb":{"@id":"https:\/\/gobac.caen\/product\/gobac-labels\/#breadcrumb"},"inLanguage":"en-US","potentialAction":[{"@type":"ReadAction","target":["https:\/\/gobac.caen\/product\/gobac-labels\/"]}]},{"@type":"ImageObject","inLanguage":"en-US","@id":"https:\/\/gobac.caen\/product\/gobac-labels\/#primaryimage","url":"https:\/\/gobac.ca\/wp-content\/uploads\/2024\/09\/gobac_lable_moving-montreal-1.png","contentUrl":"https:\/\/gobac.ca\/wp-content\/uploads\/2024\/09\/gobac_lable_moving-montreal-1.png","width":360,"height":350,"caption":"Organization of boxes and containers"},{"@type":"BreadcrumbList","@id":"https:\/\/gobac.caen\/product\/gobac-labels\/#breadcrumb","itemListElement":[{"@type":"ListItem","position":1,"name":"Accueil","item":"https:\/\/gobac.ca\/en\/"},{"@type":"ListItem","position":2,"name":"Shop","item":"https:\/\/gobac.cashop\/"},{"@type":"ListItem","position":3,"name":"GoBAC Labels"}]},{"@type":"WebSite","@id":"https:\/\/gobac.ca\/#website","url":"https:\/\/gobac.ca\/","name":"GoBAC - Bo\u00eetes de D\u00e9m\u00e9nagement","description":"Bo\u00eetes de D\u00e9m\u00e9nagement GoBac R\u00e9utilisables","publisher":{"@id":"https:\/\/gobac.ca\/#organization"},"potentialAction":[{"@type":"SearchAction","target":{"@type":"EntryPoint","urlTemplate":"https:\/\/gobac.ca\/?s={search_term_string}"},"query-input":{"@type":"PropertyValueSpecification","valueRequired":true,"valueName":"search_term_string"}}],"inLanguage":"en-US"},{"@type":"Organization","@id":"https:\/\/gobac.ca\/#organization","name":"GoBAC - Bo\u00eetes de D\u00e9m\u00e9nagement","url":"https:\/\/gobac.ca\/","logo":{"@type":"ImageObject","inLanguage":"en-US","@id":"https:\/\/gobac.ca\/#\/schema\/logo\/image\/","url":"https:\/\/gobac.ca\/wp-content\/uploads\/2025\/07\/logo-vector.png","contentUrl":"https:\/\/gobac.ca\/wp-content\/uploads\/2025\/07\/logo-vector.png","width":222,"height":65,"caption":"GoBAC - Bo\u00eetes de D\u00e9m\u00e9nagement"},"image":{"@id":"https:\/\/gobac.ca\/#\/schema\/logo\/image\/"}}]}},"jetpack_sharing_enabled":true,"_links":{"self":[{"href":"https:\/\/gobac.ca\/en\/wp-json\/wp\/v2\/product\/36601","targetHints":{"allow":["GET"]}}],"collection":[{"href":"https:\/\/gobac.ca\/en\/wp-json\/wp\/v2\/product"}],"about":[{"href":"https:\/\/gobac.ca\/en\/wp-json\/wp\/v2\/types\/product"}],"replies":[{"embeddable":true,"href":"https:\/\/gobac.ca\/en\/wp-json\/wp\/v2\/comments?post=36601"}],"wp:featuredmedia":[{"embeddable":true,"href":"https:\/\/gobac.ca\/en\/wp-json\/wp\/v2\/media\/931"}],"wp:attachment":[{"href":"https:\/\/gobac.ca\/en\/wp-json\/wp\/v2\/media?parent=36601"}],"wp:term":[{"taxonomy":"product_brand","embeddable":true,"href":"https:\/\/gobac.ca\/en\/wp-json\/wp\/v2\/product_brand?post=36601"},{"taxonomy":"product_cat","embeddable":true,"href":"https:\/\/gobac.ca\/en\/wp-json\/wp\/v2\/product_cat?post=36601"},{"taxonomy":"product_tag","embeddable":true,"href":"https:\/\/gobac.ca\/en\/wp-json\/wp\/v2\/product_tag?post=36601"}],"curies":[{"name":"wp","href":"https:\/\/api.w.org\/{rel}","templated":true}]}}